{"id":152,"date":"2017-04-13T13:15:01","date_gmt":"2017-04-13T13:15:01","guid":{"rendered":"http:\/\/chuanamahlendorf.de\/?page_id=152"},"modified":"2017-04-18T14:33:17","modified_gmt":"2017-04-18T14:33:17","slug":"imprint","status":"publish","type":"page","link":"https:\/\/chuanamahlendorf.de\/?page_id=152","title":{"rendered":"Imprint"},"content":{"rendered":"<style type=\"text\/css\">\n\t<!--\n\t\t@page { margin: 2cm }\n\t\tP { margin-bottom: 0.21cm }\n\t-->\n\t<\/style>\n<p>\u00a9 Chuana Mahlendorf 2017 alle Rechte vorbehalten<br \/>\nAlle auf dieser Internetseite ver\u00f6ffentlichten Werke bzw. Werkteile wie z.B. Texte, Dateien und Fotos sind urheberrechtlich gesch\u00fctzt. Jede weitere Ver\u00f6ffentlichung, Vervielf\u00e4ltigung oder Nutzung (auch auszugsweise) bedarf der schriftlichen Genehmigung durch den Autor.<\/p>\n<p><em><br \/>\n\u00a9 Chuana Mahlendorf 2017 all rights reserved<br \/>\nindicated, all materials on these pages are copyrighted. No part of these pages, either text or images may be used for any purpose, unless explicit authorisation is given. Reproduction, modification, storage in a retrieval system or retransmission, in any form or by any means \u2013 electronic, mechanical or otherwise, for reasons other than personal use, is strictly prohibited without prior written permission. We do not take any responsibility regarding information and content displayed on external linked websites.<\/em><\/p>\n","protected":false},"excerpt":{"rendered":"<p>\u00a9 Chuana Mahlendorf 2017 alle Rechte vorbehalten Alle auf dieser Internetseite ver\u00f6ffentlichten Werke bzw. Werkteile wie z.B. Texte, Dateien und Fotos sind urheberrechtlich gesch\u00fctzt. Jede weitere Ver\u00f6ffentlichung, Vervielf\u00e4ltigung oder Nutzung (auch auszugsweise) bedarf der schriftlichen Genehmigung durch den Autor. \u00a9 Chuana Mahlendorf 2017 all rights reserved indicated, all materials on these pages are copyrighted. No [&hellip;]<\/p>\n","protected":false},"author":1,"featured_media":0,"parent":0,"menu_order":0,"comment_status":"closed","ping_status":"closed","template":"","meta":[],"_links":{"self":[{"href":"https:\/\/chuanamahlendorf.de\/index.php?rest_route=\/wp\/v2\/pages\/152"}],"collection":[{"href":"https:\/\/chuanamahlendorf.de\/index.php?rest_route=\/wp\/v2\/pages"}],"about":[{"href":"https:\/\/chuanamahlendorf.de\/index.php?rest_route=\/wp\/v2\/types\/page"}],"author":[{"embeddable":true,"href":"https:\/\/chuanamahlendorf.de\/index.php?rest_route=\/wp\/v2\/users\/1"}],"replies":[{"embeddable":true,"href":"https:\/\/chuanamahlendorf.de\/index.php?rest_route=%2Fwp%2Fv2%2Fcomments&post=152"}],"version-history":[{"count":3,"href":"https:\/\/chuanamahlendorf.de\/index.php?rest_route=\/wp\/v2\/pages\/152\/revisions"}],"predecessor-version":[{"id":297,"href":"https:\/\/chuanamahlendorf.de\/index.php?rest_route=\/wp\/v2\/pages\/152\/revisions\/297"}],"wp:attachment":[{"href":"https:\/\/chuanamahlendorf.de\/index.php?rest_route=%2Fwp%2Fv2%2Fmedia&parent=152"}],"curies":[{"name":"wp","href":"https:\/\/api.w.org\/{rel}","templated":true}]}}